{"id":519,"date":"2016-09-20T22:20:55","date_gmt":"2016-09-21T01:20:55","guid":{"rendered":"http:\/\/somabox.com.br\/clientes\/lcl\/?post_type=product&#038;p=519"},"modified":"2020-12-12T17:42:05","modified_gmt":"2020-12-12T20:42:05","slug":"centro-de-reposicao-para-alvo-auto-adesivo","status":"publish","type":"product","link":"https:\/\/alvos.com.br\/lojavirtual\/produto\/centro-de-reposicao-para-alvo-auto-adesivo\/","title":{"rendered":"<strong style=\"color:#000;\">COD: 02B<\/strong> | CENTRO DE REPOSI\u00c7\u00c3O PARA ALVO AUTO-ADESIVO"},"content":{"rendered":"","protected":false},"excerpt":{"rendered":"<p><img loading=\"lazy\" class=\"alignnone wp-image-689 size-full\" src=\"http:\/\/alvos.com.br\/lojavirtual\/wp-content\/uploads\/2016\/09\/foto_pacote_1000.png\" alt=\"foto_pacote_1000\" width=\"150\" height=\"111\" \/><img loading=\"lazy\" class=\"alignnone wp-image-913 size-full\" src=\"http:\/\/alvos.com.br\/lojavirtual\/wp-content\/uploads\/2016\/10\/icone_prazo_entrega-1.png\" alt=\"icone_prazo_entrega\" width=\"171\" height=\"126\" \/><\/p>\n<p><em><strong>veja as informa\u00e7\u00f5es adicionais abaixo<\/strong><\/em><\/p>\n","protected":false},"featured_media":690,"comment_status":"closed","ping_status":"closed","template":"","meta":{"site-sidebar-layout":"default","site-content-layout":"default","ast-global-header-display":"","ast-main-header-display":"","ast-hfb-above-header-display":"","ast-hfb-below-header-display":"","ast-hfb-mobile-header-display":"","site-post-title":"","ast-breadcrumbs-content":"","ast-featured-img":"","footer-sml-layout":"","theme-transparent-header-meta":"","adv-header-id-meta":"","stick-header-meta":"","header-above-stick-meta":"","header-main-stick-meta":"","header-below-stick-meta":""},"product_cat":[152],"product_tag":[],"yoast_head":"<!-- This site is optimized with the Yoast SEO plugin v19.11 - https:\/\/yoast.com\/wordpress\/plugins\/seo\/ -->\n<title>COD: 02B | CENTRO DE REPOSI\u00c7\u00c3O PARA ALVO AUTO-ADESIVO - LCL Alvos | Alvos de Tiro Esportivo de Alta Qualidade<\/title>\n<meta name=\"robots\" content=\"index, follow, max-snippet:-1, max-image-preview:large, max-video-preview:-1\" \/>\n<link rel=\"canonical\" href=\"https:\/\/alvos.com.br\/lojavirtual\/produto\/centro-de-reposicao-para-alvo-auto-adesivo\/\" \/>\n<meta property=\"og:locale\" content=\"pt_BR\" \/>\n<meta property=\"og:type\" content=\"article\" \/>\n<meta property=\"og:title\" content=\"COD: 02B | CENTRO DE REPOSI\u00c7\u00c3O PARA ALVO AUTO-ADESIVO - LCL Alvos | Alvos de Tiro Esportivo de Alta Qualidade\" \/>\n<meta property=\"og:description\" content=\"veja as informa\u00e7\u00f5es adicionais abaixo\" \/>\n<meta property=\"og:url\" content=\"https:\/\/alvos.com.br\/lojavirtual\/produto\/centro-de-reposicao-para-alvo-auto-adesivo\/\" \/>\n<meta property=\"og:site_name\" content=\"LCL Alvos | Alvos de Tiro Esportivo de Alta Qualidade\" \/>\n<meta property=\"article:modified_time\" content=\"2020-12-12T20:42:05+00:00\" \/>\n<meta property=\"og:image\" content=\"https:\/\/alvos.com.br\/lojavirtual\/wp-content\/uploads\/2016\/09\/02B.jpg\" \/>\n\t<meta property=\"og:image:width\" content=\"1000\" \/>\n\t<meta property=\"og:image:height\" content=\"1000\" \/>\n\t<meta property=\"og:image:type\" content=\"image\/jpeg\" \/>\n<meta name=\"twitter:card\" content=\"summary_large_image\" \/>\n<script type=\"application\/ld+json\" class=\"yoast-schema-graph\">{\"@context\":\"https:\/\/schema.org\",\"@graph\":[{\"@type\":\"WebPage\",\"@id\":\"https:\/\/alvos.com.br\/lojavirtual\/produto\/centro-de-reposicao-para-alvo-auto-adesivo\/\",\"url\":\"https:\/\/alvos.com.br\/lojavirtual\/produto\/centro-de-reposicao-para-alvo-auto-adesivo\/\",\"name\":\"COD: 02B | CENTRO DE REPOSI\u00c7\u00c3O PARA ALVO AUTO-ADESIVO - LCL Alvos | Alvos de Tiro Esportivo de Alta Qualidade\",\"isPartOf\":{\"@id\":\"https:\/\/alvos.com.br\/lojavirtual\/#website\"},\"datePublished\":\"2016-09-21T01:20:55+00:00\",\"dateModified\":\"2020-12-12T20:42:05+00:00\",\"breadcrumb\":{\"@id\":\"https:\/\/alvos.com.br\/lojavirtual\/produto\/centro-de-reposicao-para-alvo-auto-adesivo\/#breadcrumb\"},\"inLanguage\":\"pt-BR\",\"potentialAction\":[{\"@type\":\"ReadAction\",\"target\":[\"https:\/\/alvos.com.br\/lojavirtual\/produto\/centro-de-reposicao-para-alvo-auto-adesivo\/\"]}]},{\"@type\":\"BreadcrumbList\",\"@id\":\"https:\/\/alvos.com.br\/lojavirtual\/produto\/centro-de-reposicao-para-alvo-auto-adesivo\/#breadcrumb\",\"itemListElement\":[{\"@type\":\"ListItem\",\"position\":1,\"name\":\"In\u00edcio\",\"item\":\"https:\/\/alvos.com.br\/lojavirtual\/\"},{\"@type\":\"ListItem\",\"position\":2,\"name\":\"Produtos\",\"item\":\"https:\/\/alvos.com.br\/lojavirtual\/shop\/\"},{\"@type\":\"ListItem\",\"position\":3,\"name\":\"COD: 02B | CENTRO DE REPOSI\u00c7\u00c3O PARA ALVO AUTO-ADESIVO\"}]},{\"@type\":\"WebSite\",\"@id\":\"https:\/\/alvos.com.br\/lojavirtual\/#website\",\"url\":\"https:\/\/alvos.com.br\/lojavirtual\/\",\"name\":\"LCL Alvos | Alvos de Tiro Esportivo de Alta Qualidade\",\"description\":\"Descubra nossa variedade de alvos de tiro esportivo homologados pelas principais confedera\u00e7\u00f5es. Qualidade e precis\u00e3o para sua pr\u00e1tica.\",\"publisher\":{\"@id\":\"https:\/\/alvos.com.br\/lojavirtual\/#organization\"},\"potentialAction\":[{\"@type\":\"SearchAction\",\"target\":{\"@type\":\"EntryPoint\",\"urlTemplate\":\"https:\/\/alvos.com.br\/lojavirtual\/?s={search_term_string}\"},\"query-input\":\"required name=search_term_string\"}],\"inLanguage\":\"pt-BR\"},{\"@type\":\"Organization\",\"@id\":\"https:\/\/alvos.com.br\/lojavirtual\/#organization\",\"name\":\"LCL Alvos | Alvos de Tiro Esportivo de Alta Qualidade\",\"url\":\"https:\/\/alvos.com.br\/lojavirtual\/\",\"logo\":{\"@type\":\"ImageObject\",\"inLanguage\":\"pt-BR\",\"@id\":\"https:\/\/alvos.com.br\/lojavirtual\/#\/schema\/logo\/image\/\",\"url\":\"https:\/\/alvos.com.br\/lojavirtual\/wp-content\/uploads\/2016\/09\/logo_favicon.png\",\"contentUrl\":\"https:\/\/alvos.com.br\/lojavirtual\/wp-content\/uploads\/2016\/09\/logo_favicon.png\",\"width\":512,\"height\":512,\"caption\":\"LCL Alvos | Alvos de Tiro Esportivo de Alta Qualidade\"},\"image\":{\"@id\":\"https:\/\/alvos.com.br\/lojavirtual\/#\/schema\/logo\/image\/\"}}]}<\/script>\n<!-- \/ Yoast SEO plugin. -->","yoast_head_json":{"title":"COD: 02B | CENTRO DE REPOSI\u00c7\u00c3O PARA ALVO AUTO-ADESIVO - LCL Alvos | Alvos de Tiro Esportivo de Alta Qualidade","robots":{"index":"index","follow":"follow","max-snippet":"max-snippet:-1","max-image-preview":"max-image-preview:large","max-video-preview":"max-video-preview:-1"},"canonical":"https:\/\/alvos.com.br\/lojavirtual\/produto\/centro-de-reposicao-para-alvo-auto-adesivo\/","og_locale":"pt_BR","og_type":"article","og_title":"COD: 02B | CENTRO DE REPOSI\u00c7\u00c3O PARA ALVO AUTO-ADESIVO - LCL Alvos | Alvos de Tiro Esportivo de Alta Qualidade","og_description":"veja as informa\u00e7\u00f5es adicionais abaixo","og_url":"https:\/\/alvos.com.br\/lojavirtual\/produto\/centro-de-reposicao-para-alvo-auto-adesivo\/","og_site_name":"LCL Alvos | Alvos de Tiro Esportivo de Alta Qualidade","article_modified_time":"2020-12-12T20:42:05+00:00","og_image":[{"width":1000,"height":1000,"url":"https:\/\/alvos.com.br\/lojavirtual\/wp-content\/uploads\/2016\/09\/02B.jpg","type":"image\/jpeg"}],"twitter_card":"summary_large_image","schema":{"@context":"https:\/\/schema.org","@graph":[{"@type":"WebPage","@id":"https:\/\/alvos.com.br\/lojavirtual\/produto\/centro-de-reposicao-para-alvo-auto-adesivo\/","url":"https:\/\/alvos.com.br\/lojavirtual\/produto\/centro-de-reposicao-para-alvo-auto-adesivo\/","name":"COD: 02B | CENTRO DE REPOSI\u00c7\u00c3O PARA ALVO AUTO-ADESIVO - LCL Alvos | Alvos de Tiro Esportivo de Alta Qualidade","isPartOf":{"@id":"https:\/\/alvos.com.br\/lojavirtual\/#website"},"datePublished":"2016-09-21T01:20:55+00:00","dateModified":"2020-12-12T20:42:05+00:00","breadcrumb":{"@id":"https:\/\/alvos.com.br\/lojavirtual\/produto\/centro-de-reposicao-para-alvo-auto-adesivo\/#breadcrumb"},"inLanguage":"pt-BR","potentialAction":[{"@type":"ReadAction","target":["https:\/\/alvos.com.br\/lojavirtual\/produto\/centro-de-reposicao-para-alvo-auto-adesivo\/"]}]},{"@type":"BreadcrumbList","@id":"https:\/\/alvos.com.br\/lojavirtual\/produto\/centro-de-reposicao-para-alvo-auto-adesivo\/#breadcrumb","itemListElement":[{"@type":"ListItem","position":1,"name":"In\u00edcio","item":"https:\/\/alvos.com.br\/lojavirtual\/"},{"@type":"ListItem","position":2,"name":"Produtos","item":"https:\/\/alvos.com.br\/lojavirtual\/shop\/"},{"@type":"ListItem","position":3,"name":"COD: 02B | CENTRO DE REPOSI\u00c7\u00c3O PARA ALVO AUTO-ADESIVO"}]},{"@type":"WebSite","@id":"https:\/\/alvos.com.br\/lojavirtual\/#website","url":"https:\/\/alvos.com.br\/lojavirtual\/","name":"LCL Alvos | Alvos de Tiro Esportivo de Alta Qualidade","description":"Descubra nossa variedade de alvos de tiro esportivo homologados pelas principais confedera\u00e7\u00f5es. Qualidade e precis\u00e3o para sua pr\u00e1tica.","publisher":{"@id":"https:\/\/alvos.com.br\/lojavirtual\/#organization"},"potentialAction":[{"@type":"SearchAction","target":{"@type":"EntryPoint","urlTemplate":"https:\/\/alvos.com.br\/lojavirtual\/?s={search_term_string}"},"query-input":"required name=search_term_string"}],"inLanguage":"pt-BR"},{"@type":"Organization","@id":"https:\/\/alvos.com.br\/lojavirtual\/#organization","name":"LCL Alvos | Alvos de Tiro Esportivo de Alta Qualidade","url":"https:\/\/alvos.com.br\/lojavirtual\/","logo":{"@type":"ImageObject","inLanguage":"pt-BR","@id":"https:\/\/alvos.com.br\/lojavirtual\/#\/schema\/logo\/image\/","url":"https:\/\/alvos.com.br\/lojavirtual\/wp-content\/uploads\/2016\/09\/logo_favicon.png","contentUrl":"https:\/\/alvos.com.br\/lojavirtual\/wp-content\/uploads\/2016\/09\/logo_favicon.png","width":512,"height":512,"caption":"LCL Alvos | Alvos de Tiro Esportivo de Alta Qualidade"},"image":{"@id":"https:\/\/alvos.com.br\/lojavirtual\/#\/schema\/logo\/image\/"}}]}},"_links":{"self":[{"href":"https:\/\/alvos.com.br\/lojavirtual\/wp-json\/wp\/v2\/product\/519"}],"collection":[{"href":"https:\/\/alvos.com.br\/lojavirtual\/wp-json\/wp\/v2\/product"}],"about":[{"href":"https:\/\/alvos.com.br\/lojavirtual\/wp-json\/wp\/v2\/types\/product"}],"replies":[{"embeddable":true,"href":"https:\/\/alvos.com.br\/lojavirtual\/wp-json\/wp\/v2\/comments?post=519"}],"wp:featuredmedia":[{"embeddable":true,"href":"https:\/\/alvos.com.br\/lojavirtual\/wp-json\/wp\/v2\/media\/690"}],"wp:attachment":[{"href":"https:\/\/alvos.com.br\/lojavirtual\/wp-json\/wp\/v2\/media?parent=519"}],"wp:term":[{"taxonomy":"product_cat","embeddable":true,"href":"https:\/\/alvos.com.br\/lojavirtual\/wp-json\/wp\/v2\/product_cat?post=519"},{"taxonomy":"product_tag","embeddable":true,"href":"https:\/\/alvos.com.br\/lojavirtual\/wp-json\/wp\/v2\/product_tag?post=519"}],"curies":[{"name":"wp","href":"https:\/\/api.w.org\/{rel}","templated":true}]}}