{"id":544,"date":"2016-09-21T00:15:02","date_gmt":"2016-09-21T03:15:02","guid":{"rendered":"http:\/\/somabox.com.br\/clientes\/lcl\/?post_type=product&#038;p=544"},"modified":"2025-05-09T09:55:23","modified_gmt":"2025-05-09T12:55:23","slug":"suporte-para-alvo-de-carabina-de-ar-olimpica","status":"publish","type":"product","link":"https:\/\/alvos.com.br\/lojavirtual\/produto\/suporte-para-alvo-de-carabina-de-ar-olimpica\/","title":{"rendered":"<strong style=\"color:#000;\">COD: 05B<\/strong> | SUPORTE PARA ALVO DE CARABINA DE AR OL\u00cdMPICA"},"content":{"rendered":"","protected":false},"excerpt":{"rendered":"<p><img loading=\"lazy\" class=\"alignnone wp-image-706 size-full\" src=\"http:\/\/alvos.com.br\/lojavirtual\/wp-content\/uploads\/2016\/09\/foto_pacote_10unidades.png\" alt=\"foto_pacote_10unidades\" width=\"171\" height=\"126\" \/><img loading=\"lazy\" class=\"alignnone wp-image-913 size-full\" src=\"http:\/\/alvos.com.br\/lojavirtual\/wp-content\/uploads\/2016\/10\/icone_prazo_entrega-1.png\" alt=\"icone_prazo_entrega\" width=\"171\" height=\"126\" \/><\/p>\n<p><strong><em>veja abaixo as informa\u00e7\u00f5es adicionais.<\/em><\/strong><\/p>\n<p>&nbsp;<\/p>\n","protected":false},"featured_media":7239,"comment_status":"closed","ping_status":"closed","template":"","meta":{"site-sidebar-layout":"default","site-content-layout":"default","ast-global-header-display":"","ast-main-header-display":"","ast-hfb-above-header-display":"","ast-hfb-below-header-display":"","ast-hfb-mobile-header-display":"","site-post-title":"","ast-breadcrumbs-content":"","ast-featured-img":"","footer-sml-layout":"","theme-transparent-header-meta":"default","adv-header-id-meta":"","stick-header-meta":"","header-above-stick-meta":"","header-main-stick-meta":"","header-below-stick-meta":""},"product_cat":[159,152],"product_tag":[],"yoast_head":"<!-- This site is optimized with the Yoast SEO plugin v19.11 - https:\/\/yoast.com\/wordpress\/plugins\/seo\/ -->\n<title>COD: 05B | SUPORTE PARA ALVO DE CARABINA DE AR OL\u00cdMPICA - LCL Alvos | Alvos de Tiro Esportivo de Alta Qualidade<\/title>\n<meta name=\"robots\" content=\"index, follow, max-snippet:-1, max-image-preview:large, max-video-preview:-1\" \/>\n<link rel=\"canonical\" href=\"https:\/\/alvos.com.br\/lojavirtual\/produto\/suporte-para-alvo-de-carabina-de-ar-olimpica\/\" \/>\n<meta property=\"og:locale\" content=\"pt_BR\" \/>\n<meta property=\"og:type\" content=\"article\" \/>\n<meta property=\"og:title\" content=\"COD: 05B | SUPORTE PARA ALVO DE CARABINA DE AR OL\u00cdMPICA - LCL Alvos | Alvos de Tiro Esportivo de Alta Qualidade\" \/>\n<meta property=\"og:description\" content=\"veja abaixo as informa\u00e7\u00f5es adicionais.  &nbsp;\" \/>\n<meta property=\"og:url\" content=\"https:\/\/alvos.com.br\/lojavirtual\/produto\/suporte-para-alvo-de-carabina-de-ar-olimpica\/\" \/>\n<meta property=\"og:site_name\" content=\"LCL Alvos | Alvos de Tiro Esportivo de Alta Qualidade\" \/>\n<meta property=\"article:modified_time\" content=\"2025-05-09T12:55:23+00:00\" \/>\n<meta property=\"og:image\" content=\"https:\/\/alvos.com.br\/lojavirtual\/wp-content\/uploads\/2016\/09\/05Bjpeg-.jpg\" \/>\n\t<meta property=\"og:image:width\" content=\"1080\" \/>\n\t<meta property=\"og:image:height\" content=\"1080\" \/>\n\t<meta property=\"og:image:type\" content=\"image\/jpeg\" \/>\n<meta name=\"twitter:card\" content=\"summary_large_image\" \/>\n<script type=\"application\/ld+json\" class=\"yoast-schema-graph\">{\"@context\":\"https:\/\/schema.org\",\"@graph\":[{\"@type\":\"WebPage\",\"@id\":\"https:\/\/alvos.com.br\/lojavirtual\/produto\/suporte-para-alvo-de-carabina-de-ar-olimpica\/\",\"url\":\"https:\/\/alvos.com.br\/lojavirtual\/produto\/suporte-para-alvo-de-carabina-de-ar-olimpica\/\",\"name\":\"COD: 05B | SUPORTE PARA ALVO DE CARABINA DE AR OL\u00cdMPICA - LCL Alvos | Alvos de Tiro Esportivo de Alta Qualidade\",\"isPartOf\":{\"@id\":\"https:\/\/alvos.com.br\/lojavirtual\/#website\"},\"datePublished\":\"2016-09-21T03:15:02+00:00\",\"dateModified\":\"2025-05-09T12:55:23+00:00\",\"breadcrumb\":{\"@id\":\"https:\/\/alvos.com.br\/lojavirtual\/produto\/suporte-para-alvo-de-carabina-de-ar-olimpica\/#breadcrumb\"},\"inLanguage\":\"pt-BR\",\"potentialAction\":[{\"@type\":\"ReadAction\",\"target\":[\"https:\/\/alvos.com.br\/lojavirtual\/produto\/suporte-para-alvo-de-carabina-de-ar-olimpica\/\"]}]},{\"@type\":\"BreadcrumbList\",\"@id\":\"https:\/\/alvos.com.br\/lojavirtual\/produto\/suporte-para-alvo-de-carabina-de-ar-olimpica\/#breadcrumb\",\"itemListElement\":[{\"@type\":\"ListItem\",\"position\":1,\"name\":\"In\u00edcio\",\"item\":\"https:\/\/alvos.com.br\/lojavirtual\/\"},{\"@type\":\"ListItem\",\"position\":2,\"name\":\"Produtos\",\"item\":\"https:\/\/alvos.com.br\/lojavirtual\/shop\/\"},{\"@type\":\"ListItem\",\"position\":3,\"name\":\"COD: 05B | SUPORTE PARA ALVO DE CARABINA DE AR OL\u00cdMPICA\"}]},{\"@type\":\"WebSite\",\"@id\":\"https:\/\/alvos.com.br\/lojavirtual\/#website\",\"url\":\"https:\/\/alvos.com.br\/lojavirtual\/\",\"name\":\"LCL Alvos | Alvos de Tiro Esportivo de Alta Qualidade\",\"description\":\"Descubra nossa variedade de alvos de tiro esportivo homologados pelas principais confedera\u00e7\u00f5es. Qualidade e precis\u00e3o para sua pr\u00e1tica.\",\"publisher\":{\"@id\":\"https:\/\/alvos.com.br\/lojavirtual\/#organization\"},\"potentialAction\":[{\"@type\":\"SearchAction\",\"target\":{\"@type\":\"EntryPoint\",\"urlTemplate\":\"https:\/\/alvos.com.br\/lojavirtual\/?s={search_term_string}\"},\"query-input\":\"required name=search_term_string\"}],\"inLanguage\":\"pt-BR\"},{\"@type\":\"Organization\",\"@id\":\"https:\/\/alvos.com.br\/lojavirtual\/#organization\",\"name\":\"LCL Alvos | Alvos de Tiro Esportivo de Alta Qualidade\",\"url\":\"https:\/\/alvos.com.br\/lojavirtual\/\",\"logo\":{\"@type\":\"ImageObject\",\"inLanguage\":\"pt-BR\",\"@id\":\"https:\/\/alvos.com.br\/lojavirtual\/#\/schema\/logo\/image\/\",\"url\":\"https:\/\/alvos.com.br\/lojavirtual\/wp-content\/uploads\/2016\/09\/logo_favicon.png\",\"contentUrl\":\"https:\/\/alvos.com.br\/lojavirtual\/wp-content\/uploads\/2016\/09\/logo_favicon.png\",\"width\":512,\"height\":512,\"caption\":\"LCL Alvos | Alvos de Tiro Esportivo de Alta Qualidade\"},\"image\":{\"@id\":\"https:\/\/alvos.com.br\/lojavirtual\/#\/schema\/logo\/image\/\"}}]}<\/script>\n<!-- \/ Yoast SEO plugin. -->","yoast_head_json":{"title":"COD: 05B | SUPORTE PARA ALVO DE CARABINA DE AR OL\u00cdMPICA - LCL Alvos | Alvos de Tiro Esportivo de Alta Qualidade","robots":{"index":"index","follow":"follow","max-snippet":"max-snippet:-1","max-image-preview":"max-image-preview:large","max-video-preview":"max-video-preview:-1"},"canonical":"https:\/\/alvos.com.br\/lojavirtual\/produto\/suporte-para-alvo-de-carabina-de-ar-olimpica\/","og_locale":"pt_BR","og_type":"article","og_title":"COD: 05B | SUPORTE PARA ALVO DE CARABINA DE AR OL\u00cdMPICA - LCL Alvos | Alvos de Tiro Esportivo de Alta Qualidade","og_description":"veja abaixo as informa\u00e7\u00f5es adicionais.  &nbsp;","og_url":"https:\/\/alvos.com.br\/lojavirtual\/produto\/suporte-para-alvo-de-carabina-de-ar-olimpica\/","og_site_name":"LCL Alvos | Alvos de Tiro Esportivo de Alta Qualidade","article_modified_time":"2025-05-09T12:55:23+00:00","og_image":[{"width":1080,"height":1080,"url":"https:\/\/alvos.com.br\/lojavirtual\/wp-content\/uploads\/2016\/09\/05Bjpeg-.jpg","type":"image\/jpeg"}],"twitter_card":"summary_large_image","schema":{"@context":"https:\/\/schema.org","@graph":[{"@type":"WebPage","@id":"https:\/\/alvos.com.br\/lojavirtual\/produto\/suporte-para-alvo-de-carabina-de-ar-olimpica\/","url":"https:\/\/alvos.com.br\/lojavirtual\/produto\/suporte-para-alvo-de-carabina-de-ar-olimpica\/","name":"COD: 05B | SUPORTE PARA ALVO DE CARABINA DE AR OL\u00cdMPICA - LCL Alvos | Alvos de Tiro Esportivo de Alta Qualidade","isPartOf":{"@id":"https:\/\/alvos.com.br\/lojavirtual\/#website"},"datePublished":"2016-09-21T03:15:02+00:00","dateModified":"2025-05-09T12:55:23+00:00","breadcrumb":{"@id":"https:\/\/alvos.com.br\/lojavirtual\/produto\/suporte-para-alvo-de-carabina-de-ar-olimpica\/#breadcrumb"},"inLanguage":"pt-BR","potentialAction":[{"@type":"ReadAction","target":["https:\/\/alvos.com.br\/lojavirtual\/produto\/suporte-para-alvo-de-carabina-de-ar-olimpica\/"]}]},{"@type":"BreadcrumbList","@id":"https:\/\/alvos.com.br\/lojavirtual\/produto\/suporte-para-alvo-de-carabina-de-ar-olimpica\/#breadcrumb","itemListElement":[{"@type":"ListItem","position":1,"name":"In\u00edcio","item":"https:\/\/alvos.com.br\/lojavirtual\/"},{"@type":"ListItem","position":2,"name":"Produtos","item":"https:\/\/alvos.com.br\/lojavirtual\/shop\/"},{"@type":"ListItem","position":3,"name":"COD: 05B | SUPORTE PARA ALVO DE CARABINA DE AR OL\u00cdMPICA"}]},{"@type":"WebSite","@id":"https:\/\/alvos.com.br\/lojavirtual\/#website","url":"https:\/\/alvos.com.br\/lojavirtual\/","name":"LCL Alvos | Alvos de Tiro Esportivo de Alta Qualidade","description":"Descubra nossa variedade de alvos de tiro esportivo homologados pelas principais confedera\u00e7\u00f5es. Qualidade e precis\u00e3o para sua pr\u00e1tica.","publisher":{"@id":"https:\/\/alvos.com.br\/lojavirtual\/#organization"},"potentialAction":[{"@type":"SearchAction","target":{"@type":"EntryPoint","urlTemplate":"https:\/\/alvos.com.br\/lojavirtual\/?s={search_term_string}"},"query-input":"required name=search_term_string"}],"inLanguage":"pt-BR"},{"@type":"Organization","@id":"https:\/\/alvos.com.br\/lojavirtual\/#organization","name":"LCL Alvos | Alvos de Tiro Esportivo de Alta Qualidade","url":"https:\/\/alvos.com.br\/lojavirtual\/","logo":{"@type":"ImageObject","inLanguage":"pt-BR","@id":"https:\/\/alvos.com.br\/lojavirtual\/#\/schema\/logo\/image\/","url":"https:\/\/alvos.com.br\/lojavirtual\/wp-content\/uploads\/2016\/09\/logo_favicon.png","contentUrl":"https:\/\/alvos.com.br\/lojavirtual\/wp-content\/uploads\/2016\/09\/logo_favicon.png","width":512,"height":512,"caption":"LCL Alvos | Alvos de Tiro Esportivo de Alta Qualidade"},"image":{"@id":"https:\/\/alvos.com.br\/lojavirtual\/#\/schema\/logo\/image\/"}}]}},"_links":{"self":[{"href":"https:\/\/alvos.com.br\/lojavirtual\/wp-json\/wp\/v2\/product\/544"}],"collection":[{"href":"https:\/\/alvos.com.br\/lojavirtual\/wp-json\/wp\/v2\/product"}],"about":[{"href":"https:\/\/alvos.com.br\/lojavirtual\/wp-json\/wp\/v2\/types\/product"}],"replies":[{"embeddable":true,"href":"https:\/\/alvos.com.br\/lojavirtual\/wp-json\/wp\/v2\/comments?post=544"}],"wp:featuredmedia":[{"embeddable":true,"href":"https:\/\/alvos.com.br\/lojavirtual\/wp-json\/wp\/v2\/media\/7239"}],"wp:attachment":[{"href":"https:\/\/alvos.com.br\/lojavirtual\/wp-json\/wp\/v2\/media?parent=544"}],"wp:term":[{"taxonomy":"product_cat","embeddable":true,"href":"https:\/\/alvos.com.br\/lojavirtual\/wp-json\/wp\/v2\/product_cat?post=544"},{"taxonomy":"product_tag","embeddable":true,"href":"https:\/\/alvos.com.br\/lojavirtual\/wp-json\/wp\/v2\/product_tag?post=544"}],"curies":[{"name":"wp","href":"https:\/\/api.w.org\/{rel}","templated":true}]}}